{"id":1519,"date":"2023-08-23T15:18:10","date_gmt":"2023-08-23T15:18:10","guid":{"rendered":"https:\/\/invisaligntamarac.com\/?page_id=1519"},"modified":"2023-10-24T20:29:10","modified_gmt":"2023-10-24T20:29:10","slug":"restaurante","status":"publish","type":"page","link":"https:\/\/invisaligntamarac.com\/index.php\/restaurante\/","title":{"rendered":"Restaurante"},"content":{"rendered":"\t\t<div data-elementor-type=\"wp-page\" data-elementor-id=\"1519\" class=\"elementor elementor-1519\">\n\t\t\t\t\t\t<section class=\"elementor-section elementor-top-section elementor-element elementor-element-741e4e2 elementor-section-full_width elementor-section-content-middle elementor-section-height-min-height elementor-section-height-default elementor-section-items-middle\" data-id=\"741e4e2\" data-element_type=\"section\" data-e-type=\"section\">\n\t\t\t\t\t\t\t<div class=\"elementor-background-overlay\"><\/div>\n\t\t\t\t\t\t\t<div class=\"elementor-container elementor-column-gap-default\">\n\t\t\t\t\t<div class=\"elementor-column elementor-col-50 elementor-top-column elementor-element elementor-element-e554c0b\" data-id=\"e554c0b\" data-element_type=\"column\" data-e-type=\"column\">\n\t\t\t<div class=\"elementor-widget-wrap elementor-element-populated\">\n\t\t\t\t\t\t<div class=\"elementor-element elementor-element-fc61685 elementor-hidden-desktop de_scroll_animation_no elementor-widget elementor-widget-image\" data-id=\"fc61685\" data-element_type=\"widget\" data-e-type=\"widget\" data-widget_type=\"image.default\">\n\t\t\t\t<div class=\"elementor-widget-container\">\n\t\t\t\t\t\t\t\t\t\t\t\t\t\t\t<img fetchpriority=\"high\" decoding=\"async\" width=\"1024\" height=\"987\" src=\"https:\/\/invisaligntamarac.com\/wp-content\/uploads\/2023\/08\/JH-Carne-a-la-Llanera-34-1024x987.png\" class=\"attachment-large size-large wp-image-2904\" alt=\"\" srcset=\"https:\/\/invisaligntamarac.com\/wp-content\/uploads\/2023\/08\/JH-Carne-a-la-Llanera-34-1024x987.png 1024w, https:\/\/invisaligntamarac.com\/wp-content\/uploads\/2023\/08\/JH-Carne-a-la-Llanera-34-300x289.png 300w, https:\/\/invisaligntamarac.com\/wp-content\/uploads\/2023\/08\/JH-Carne-a-la-Llanera-34-768x740.png 768w, https:\/\/invisaligntamarac.com\/wp-content\/uploads\/2023\/08\/JH-Carne-a-la-Llanera-34-800x771.png 800w, https:\/\/invisaligntamarac.com\/wp-content\/uploads\/2023\/08\/JH-Carne-a-la-Llanera-34.png 1121w\" sizes=\"(max-width: 1024px) 100vw, 1024px\" \/>\t\t\t\t\t\t\t\t\t\t\t\t\t\t\t<\/div>\n\t\t\t\t<\/div>\n\t\t\t\t<div class=\"elementor-element elementor-element-c10a2ea de_scroll_animation_no elementor-widget elementor-widget-heading\" data-id=\"c10a2ea\" data-element_type=\"widget\" data-e-type=\"widget\" data-widget_type=\"heading.default\">\n\t\t\t\t<div class=\"elementor-widget-container\">\n\t\t\t\t\t<h2 class=\"elementor-heading-title elementor-size-default\">Vive una experiencia<br> llanera en Miami<\/h2>\t\t\t\t<\/div>\n\t\t\t\t<\/div>\n\t\t\t\t<div class=\"elementor-element elementor-element-15581e6 de_scroll_animation_no elementor-widget elementor-widget-text-editor\" data-id=\"15581e6\" data-element_type=\"widget\" data-e-type=\"widget\" data-widget_type=\"text-editor.default\">\n\t\t\t\t<div class=\"elementor-widget-container\">\n\t\t\t\t\t\t\t\t\t\nEn nuestro restaurante, siempre hemos perseguido el objetivo de hacer sentir a nuestros clientes m\u00e1s cerca de su hogar, as\u00ed que gracias al olor y el sabor de nuestra carne, m\u00e1s todo el ambiente llanero que ofrecemos, se vive una experiencia cultural colombo-venezolana.\t\t\t\t\t\t\t\t<\/div>\n\t\t\t\t<\/div>\n\t\t\t\t<div class=\"elementor-element elementor-element-7161404 elementor-hidden-desktop de_scroll_animation_no elementor-widget elementor-widget-heading\" data-id=\"7161404\" data-element_type=\"widget\" data-e-type=\"widget\" data-widget_type=\"heading.default\">\n\t\t\t\t<div class=\"elementor-widget-container\">\n\t\t\t\t\t<h2 class=\"elementor-heading-title elementor-size-default\">Te contamos <br>nuestra historia<\/h2>\t\t\t\t<\/div>\n\t\t\t\t<\/div>\n\t\t\t\t<div class=\"elementor-element elementor-element-2a871af elementor-hidden-tablet elementor-hidden-mobile de_scroll_animation_no elementor-widget elementor-widget-heading\" data-id=\"2a871af\" data-element_type=\"widget\" data-e-type=\"widget\" data-widget_type=\"heading.default\">\n\t\t\t\t<div class=\"elementor-widget-container\">\n\t\t\t\t\t<h2 class=\"elementor-heading-title elementor-size-default\">Te contamos nuestra historia<\/h2>\t\t\t\t<\/div>\n\t\t\t\t<\/div>\n\t\t\t\t<div class=\"elementor-element elementor-element-1eda722 de_scroll_animation_no elementor-widget elementor-widget-text-editor\" data-id=\"1eda722\" data-element_type=\"widget\" data-e-type=\"widget\" data-widget_type=\"text-editor.default\">\n\t\t\t\t<div class=\"elementor-widget-container\">\n\t\t\t\t\t\t\t\t\t<p>Esta idea la comenz\u00f3 a desarrollar nuestro fundador JHON USECHE, en eventos privados, y fue tan perseverante que convirti\u00f3 una locaci\u00f3n de estilo campestre, en una venta de comida a la mesa, es decir en \u00a1Restaurante! Ahora, puedes disfrutar de un servicio completo, con talento y m\u00fasica en vivo gratis c\u00f3mo: joropo, vallenato, tambores, conga y m\u00e1s.<\/p><p>Tambi\u00e9n, contamos con un \u201cno s\u00e9 qu\u00e9\u201d que nos vuelve inolvidables y que nuestros clientes describen como la satisfacci\u00f3n que los traslada cerca de su pa\u00eds de origen, in\u00fand\u00e1ndolos de sentimientos y buenos recuerdos. Sin embargo, no existe limitaci\u00f3n en cuanto a la nacionalidad de quienes nos visitan, ya que hemos captado orgullosamente la atenci\u00f3n de dominicanos, nicarag\u00fcenses, cubanos y americanos. Raz\u00f3n que nos impulsa a seguir trabajando y creciendo cada d\u00eda.<\/p>\t\t\t\t\t\t\t\t<\/div>\n\t\t\t\t<\/div>\n\t\t\t\t\t<\/div>\n\t\t<\/div>\n\t\t\t\t<div class=\"elementor-column elementor-col-50 elementor-top-column elementor-element elementor-element-73dc5b3 elementor-hidden-tablet elementor-hidden-mobile\" data-id=\"73dc5b3\" data-element_type=\"column\" data-e-type=\"column\" data-settings=\"{&quot;background_background&quot;:&quot;classic&quot;}\">\n\t\t\t<div class=\"elementor-widget-wrap elementor-element-populated\">\n\t\t\t\t\t\t<div class=\"elementor-element elementor-element-1e77fd2 elementor-widget__width-initial de_scroll_animation_no elementor-widget elementor-widget-image\" data-id=\"1e77fd2\" data-element_type=\"widget\" data-e-type=\"widget\" data-widget_type=\"image.default\">\n\t\t\t\t<div class=\"elementor-widget-container\">\n\t\t\t\t\t\t\t\t\t\t\t\t\t\t\t<img fetchpriority=\"high\" decoding=\"async\" width=\"1024\" height=\"987\" src=\"https:\/\/invisaligntamarac.com\/wp-content\/uploads\/2023\/08\/JH-Carne-a-la-Llanera-34-1024x987.png\" class=\"attachment-large size-large wp-image-2904\" alt=\"\" srcset=\"https:\/\/invisaligntamarac.com\/wp-content\/uploads\/2023\/08\/JH-Carne-a-la-Llanera-34-1024x987.png 1024w, https:\/\/invisaligntamarac.com\/wp-content\/uploads\/2023\/08\/JH-Carne-a-la-Llanera-34-300x289.png 300w, https:\/\/invisaligntamarac.com\/wp-content\/uploads\/2023\/08\/JH-Carne-a-la-Llanera-34-768x740.png 768w, https:\/\/invisaligntamarac.com\/wp-content\/uploads\/2023\/08\/JH-Carne-a-la-Llanera-34-800x771.png 800w, https:\/\/invisaligntamarac.com\/wp-content\/uploads\/2023\/08\/JH-Carne-a-la-Llanera-34.png 1121w\" sizes=\"(max-width: 1024px) 100vw, 1024px\" \/>\t\t\t\t\t\t\t\t\t\t\t\t\t\t\t<\/div>\n\t\t\t\t<\/div>\n\t\t\t\t\t<\/div>\n\t\t<\/div>\n\t\t\t\t\t<\/div>\n\t\t<\/section>\n\t\t\t\t<section class=\"elementor-section elementor-top-section elementor-element elementor-element-555af14 elementor-section-boxed elementor-section-height-default elementor-section-height-default\" data-id=\"555af14\" data-element_type=\"section\" data-e-type=\"section\" data-settings=\"{&quot;background_background&quot;:&quot;classic&quot;}\">\n\t\t\t\t\t\t\t<div class=\"elementor-background-overlay\"><\/div>\n\t\t\t\t\t\t\t<div class=\"elementor-container elementor-column-gap-default\">\n\t\t\t\t\t<div class=\"elementor-column elementor-col-100 elementor-top-column elementor-element elementor-element-744b2dd\" data-id=\"744b2dd\" data-element_type=\"column\" data-e-type=\"column\">\n\t\t\t<div class=\"elementor-widget-wrap elementor-element-populated\">\n\t\t\t\t\t\t<div class=\"elementor-element elementor-element-8829815 de_scroll_animation_no elementor-widget elementor-widget-heading\" data-id=\"8829815\" data-element_type=\"widget\" data-e-type=\"widget\" data-widget_type=\"heading.default\">\n\t\t\t\t<div class=\"elementor-widget-container\">\n\t\t\t\t\t<h1 class=\"elementor-heading-title elementor-size-default\">\u00bfEst\u00e1s listo para<\/h1>\t\t\t\t<\/div>\n\t\t\t\t<\/div>\n\t\t\t\t<div class=\"elementor-element elementor-element-df6c584 elementor-hidden-tablet elementor-hidden-mobile de_scroll_animation_no elementor-widget elementor-widget-heading\" data-id=\"df6c584\" data-element_type=\"widget\" data-e-type=\"widget\" data-widget_type=\"heading.default\">\n\t\t\t\t<div class=\"elementor-widget-container\">\n\t\t\t\t\t<h2 class=\"elementor-heading-title elementor-size-default\">ir por tu dosis de llano?<\/h2>\t\t\t\t<\/div>\n\t\t\t\t<\/div>\n\t\t\t\t<div class=\"elementor-element elementor-element-855f3b5 elementor-hidden-desktop de_scroll_animation_no elementor-widget elementor-widget-heading\" data-id=\"855f3b5\" data-element_type=\"widget\" data-e-type=\"widget\" data-widget_type=\"heading.default\">\n\t\t\t\t<div class=\"elementor-widget-container\">\n\t\t\t\t\t<h2 class=\"elementor-heading-title elementor-size-default\">Ir por tu dosis <br>de llano?<\/h2>\t\t\t\t<\/div>\n\t\t\t\t<\/div>\n\t\t\t\t<div class=\"elementor-element elementor-element-d36f116 de_scroll_animation_no elementor-widget elementor-widget-image-carousel\" data-id=\"d36f116\" data-element_type=\"widget\" data-e-type=\"widget\" data-settings=\"{&quot;slides_to_show&quot;:&quot;4&quot;,&quot;slides_to_scroll&quot;:&quot;1&quot;,&quot;navigation&quot;:&quot;none&quot;,&quot;slides_to_show_mobile&quot;:&quot;2&quot;,&quot;slides_to_scroll_mobile&quot;:&quot;1&quot;,&quot;autoplay&quot;:&quot;yes&quot;,&quot;pause_on_hover&quot;:&quot;yes&quot;,&quot;pause_on_interaction&quot;:&quot;yes&quot;,&quot;autoplay_speed&quot;:5000,&quot;infinite&quot;:&quot;yes&quot;,&quot;speed&quot;:500}\" data-widget_type=\"image-carousel.default\">\n\t\t\t\t<div class=\"elementor-widget-container\">\n\t\t\t\t\t\t\t<div class=\"elementor-image-carousel-wrapper swiper\" role=\"region\" aria-roledescription=\"carousel\" aria-label=\"Image Carousel\" dir=\"ltr\">\n\t\t\t<div class=\"elementor-image-carousel swiper-wrapper\" aria-live=\"off\">\n\t\t\t\t\t\t\t\t<div class=\"swiper-slide\" role=\"group\" aria-roledescription=\"slide\" aria-label=\"1 of 6\"><figure class=\"swiper-slide-inner\"><img decoding=\"async\" class=\"swiper-slide-image\" src=\"https:\/\/invisaligntamarac.com\/wp-content\/uploads\/2023\/08\/Mesa-de-trabajo-1-3.png\" alt=\"Mesa de trabajo 1\" \/><\/figure><\/div><div class=\"swiper-slide\" role=\"group\" aria-roledescription=\"slide\" aria-label=\"2 of 6\"><figure class=\"swiper-slide-inner\"><img decoding=\"async\" class=\"swiper-slide-image\" src=\"https:\/\/invisaligntamarac.com\/wp-content\/uploads\/2023\/08\/Mesa-de-trabajo-2-3.png\" alt=\"Mesa de trabajo 2\" \/><\/figure><\/div><div class=\"swiper-slide\" role=\"group\" aria-roledescription=\"slide\" aria-label=\"3 of 6\"><figure class=\"swiper-slide-inner\"><img decoding=\"async\" class=\"swiper-slide-image\" src=\"https:\/\/invisaligntamarac.com\/wp-content\/uploads\/2023\/08\/otra.png\" alt=\"otra\" \/><\/figure><\/div><div class=\"swiper-slide\" role=\"group\" aria-roledescription=\"slide\" aria-label=\"4 of 6\"><figure class=\"swiper-slide-inner\"><img decoding=\"async\" class=\"swiper-slide-image\" src=\"https:\/\/invisaligntamarac.com\/wp-content\/uploads\/2023\/08\/otra-x-2.png\" alt=\"otra-x-2\" \/><\/figure><\/div><div class=\"swiper-slide\" role=\"group\" aria-roledescription=\"slide\" aria-label=\"5 of 6\"><figure class=\"swiper-slide-inner\"><img decoding=\"async\" class=\"swiper-slide-image\" src=\"https:\/\/invisaligntamarac.com\/wp-content\/uploads\/2023\/08\/vara123.png\" alt=\"vara123\" \/><\/figure><\/div><div class=\"swiper-slide\" role=\"group\" aria-roledescription=\"slide\" aria-label=\"6 of 6\"><figure class=\"swiper-slide-inner\"><img decoding=\"async\" class=\"swiper-slide-image\" src=\"https:\/\/invisaligntamarac.com\/wp-content\/uploads\/2023\/08\/vara1235456.png\" alt=\"vara1235456\" \/><\/figure><\/div>\t\t\t<\/div>\n\t\t\t\t\t\t\t\n\t\t\t\t\t\t\t\t\t<\/div>\n\t\t\t\t\t\t<\/div>\n\t\t\t\t<\/div>\n\t\t\t\t<div class=\"elementor-element elementor-element-790e5e5 elementor-align-center de_scroll_animation_no elementor-widget elementor-widget-button\" data-id=\"790e5e5\" data-element_type=\"widget\" data-e-type=\"widget\" data-widget_type=\"button.default\">\n\t\t\t\t<div class=\"elementor-widget-container\">\n\t\t\t\t\t\t\t\t\t<div class=\"elementor-button-wrapper\">\n\t\t\t\t\t<a class=\"elementor-button elementor-button-link elementor-size-sm\" href=\"#\">\n\t\t\t\t\t\t<span class=\"elementor-button-content-wrapper\">\n\t\t\t\t\t\t\t\t\t<span class=\"elementor-button-text\">\u00a1Reserva ahora!<\/span>\n\t\t\t\t\t<\/span>\n\t\t\t\t\t<\/a>\n\t\t\t\t<\/div>\n\t\t\t\t\t\t\t\t<\/div>\n\t\t\t\t<\/div>\n\t\t\t\t\t<\/div>\n\t\t<\/div>\n\t\t\t\t\t<\/div>\n\t\t<\/section>\n\t\t\t\t<section class=\"elementor-section elementor-top-section elementor-element elementor-element-efc08b2 elementor-section-boxed elementor-section-height-default elementor-section-height-default\" data-id=\"efc08b2\" data-element_type=\"section\" data-e-type=\"section\">\n\t\t\t\t\t\t<div class=\"elementor-container elementor-column-gap-default\">\n\t\t\t\t\t<div class=\"elementor-column elementor-col-100 elementor-top-column elementor-element elementor-element-fea208b\" data-id=\"fea208b\" data-element_type=\"column\" data-e-type=\"column\">\n\t\t\t<div class=\"elementor-widget-wrap elementor-element-populated\">\n\t\t\t\t\t\t<div class=\"elementor-element elementor-element-f99603d de_scroll_animation_no elementor-widget elementor-widget-spacer\" data-id=\"f99603d\" data-element_type=\"widget\" data-e-type=\"widget\" data-widget_type=\"spacer.default\">\n\t\t\t\t<div class=\"elementor-widget-container\">\n\t\t\t\t\t\t\t<div class=\"elementor-spacer\">\n\t\t\t<div class=\"elementor-spacer-inner\"><\/div>\n\t\t<\/div>\n\t\t\t\t\t\t<\/div>\n\t\t\t\t<\/div>\n\t\t\t\t<section class=\"elementor-section elementor-inner-section elementor-element elementor-element-1992c03 elementor-section-full_width elementor-section-height-default elementor-section-height-default\" data-id=\"1992c03\" data-element_type=\"section\" data-e-type=\"section\">\n\t\t\t\t\t\t<div class=\"elementor-container elementor-column-gap-default\">\n\t\t\t\t\t<div class=\"elementor-column elementor-col-50 elementor-inner-column elementor-element elementor-element-1fed91f\" data-id=\"1fed91f\" data-element_type=\"column\" data-e-type=\"column\">\n\t\t\t<div class=\"elementor-widget-wrap elementor-element-populated\">\n\t\t\t\t\t\t<div class=\"elementor-element elementor-element-4d8cb49 de_scroll_animation_no elementor-widget elementor-widget-heading\" data-id=\"4d8cb49\" data-element_type=\"widget\" data-e-type=\"widget\" data-widget_type=\"heading.default\">\n\t\t\t\t<div class=\"elementor-widget-container\">\n\t\t\t\t\t<h2 class=\"elementor-heading-title elementor-size-default\">Vis\u00edtanos y disfruta de la mejor carne en vara a la llanera<\/h2>\t\t\t\t<\/div>\n\t\t\t\t<\/div>\n\t\t\t\t<div class=\"elementor-element elementor-element-79d7cc5 de_scroll_animation_no elementor-widget elementor-widget-text-editor\" data-id=\"79d7cc5\" data-element_type=\"widget\" data-e-type=\"widget\" data-widget_type=\"text-editor.default\">\n\t\t\t\t<div class=\"elementor-widget-container\">\n\t\t\t\t\t\t\t\t\t<p><em><strong>No esperes m\u00e1s<\/strong><\/em> para disfrutar del sabor de la mejor carne en vara a la llanera en Miami.<\/p>\t\t\t\t\t\t\t\t<\/div>\n\t\t\t\t<\/div>\n\t\t\t\t\t<\/div>\n\t\t<\/div>\n\t\t\t\t<div class=\"elementor-column elementor-col-50 elementor-inner-column elementor-element elementor-element-d99981d\" data-id=\"d99981d\" data-element_type=\"column\" data-e-type=\"column\" data-settings=\"{&quot;background_background&quot;:&quot;classic&quot;}\">\n\t\t\t<div class=\"elementor-widget-wrap elementor-element-populated\">\n\t\t\t\t\t\t<div class=\"elementor-element elementor-element-591029f de_scroll_animation_no elementor-widget elementor-widget-heading\" data-id=\"591029f\" data-element_type=\"widget\" data-e-type=\"widget\" data-widget_type=\"heading.default\">\n\t\t\t\t<div class=\"elementor-widget-container\">\n\t\t\t\t\t<h2 class=\"elementor-heading-title elementor-size-default\">Donde encontrarnos<\/h2>\t\t\t\t<\/div>\n\t\t\t\t<\/div>\n\t\t\t\t<div class=\"elementor-element elementor-element-f0ae24e elementor-align-center elementor-widget__width-initial elementor-mobile-align-start elementor-icon-list--layout-traditional elementor-list-item-link-full_width de_scroll_animation_no elementor-widget elementor-widget-icon-list\" data-id=\"f0ae24e\" data-element_type=\"widget\" data-e-type=\"widget\" data-widget_type=\"icon-list.default\">\n\t\t\t\t<div class=\"elementor-widget-container\">\n\t\t\t\t\t\t\t<ul class=\"elementor-icon-list-items\">\n\t\t\t\t\t\t\t<li class=\"elementor-icon-list-item\">\n\t\t\t\t\t\t\t\t\t\t<span class=\"elementor-icon-list-text\">14701 SW 199th Ave Miami Fl, 33196 <\/span>\n\t\t\t\t\t\t\t\t\t<\/li>\n\t\t\t\t\t\t\t\t<li class=\"elementor-icon-list-item\">\n\t\t\t\t\t\t\t\t\t\t<span class=\"elementor-icon-list-text\">Phone: +1 (786) 277-7807<\/span>\n\t\t\t\t\t\t\t\t\t<\/li>\n\t\t\t\t\t\t<\/ul>\n\t\t\t\t\t\t<\/div>\n\t\t\t\t<\/div>\n\t\t\t\t<div class=\"elementor-element elementor-element-5bad99e elementor-widget-divider--view-line de_scroll_animation_no elementor-widget elementor-widget-divider\" data-id=\"5bad99e\" data-element_type=\"widget\" data-e-type=\"widget\" data-widget_type=\"divider.default\">\n\t\t\t\t<div class=\"elementor-widget-container\">\n\t\t\t\t\t\t\t<div class=\"elementor-divider\">\n\t\t\t<span class=\"elementor-divider-separator\">\n\t\t\t\t\t\t<\/span>\n\t\t<\/div>\n\t\t\t\t\t\t<\/div>\n\t\t\t\t<\/div>\n\t\t\t\t<div class=\"elementor-element elementor-element-551673f de_scroll_animation_no elementor-widget elementor-widget-heading\" data-id=\"551673f\" data-element_type=\"widget\" data-e-type=\"widget\" data-widget_type=\"heading.default\">\n\t\t\t\t<div class=\"elementor-widget-container\">\n\t\t\t\t\t<h2 class=\"elementor-heading-title elementor-size-default\">Food trucks<\/h2>\t\t\t\t<\/div>\n\t\t\t\t<\/div>\n\t\t\t\t<div class=\"elementor-element elementor-element-33916c7 elementor-widget__width-initial elementor-hidden-desktop de_scroll_animation_no elementor-widget elementor-widget-heading\" data-id=\"33916c7\" data-element_type=\"widget\" data-e-type=\"widget\" data-widget_type=\"heading.default\">\n\t\t\t\t<div class=\"elementor-widget-container\">\n\t\t\t\t\t<h6 class=\"elementor-heading-title elementor-size-default\">WESTON <br>DORAL<\/h6>\t\t\t\t<\/div>\n\t\t\t\t<\/div>\n\t\t\t\t<div class=\"elementor-element elementor-element-c6fe694 elementor-widget__width-initial elementor-hidden-tablet elementor-hidden-mobile de_scroll_animation_no elementor-widget elementor-widget-heading\" data-id=\"c6fe694\" data-element_type=\"widget\" data-e-type=\"widget\" data-widget_type=\"heading.default\">\n\t\t\t\t<div class=\"elementor-widget-container\">\n\t\t\t\t\t<h6 class=\"elementor-heading-title elementor-size-default\">WESTON  - DORAL<\/h6>\t\t\t\t<\/div>\n\t\t\t\t<\/div>\n\t\t\t\t\t<\/div>\n\t\t<\/div>\n\t\t\t\t\t<\/div>\n\t\t<\/section>\n\t\t\t\t\t<\/div>\n\t\t<\/div>\n\t\t\t\t\t<\/div>\n\t\t<\/section>\n\t\t\t\t<section class=\"elementor-section elementor-top-section elementor-element elementor-element-e7a2dee elementor-section-full_width elementor-section-height-default elementor-section-height-default\" data-id=\"e7a2dee\" data-element_type=\"section\" data-e-type=\"section\">\n\t\t\t\t\t\t<div class=\"elementor-container elementor-column-gap-default\">\n\t\t\t\t\t<div class=\"elementor-column elementor-col-100 elementor-top-column elementor-element elementor-element-09a8497\" data-id=\"09a8497\" data-element_type=\"column\" data-e-type=\"column\">\n\t\t\t<div class=\"elementor-widget-wrap elementor-element-populated\">\n\t\t\t\t\t\t<div class=\"elementor-element elementor-element-88dd5cc de_scroll_animation_no elementor-widget elementor-widget-google_maps\" data-id=\"88dd5cc\" data-element_type=\"widget\" data-e-type=\"widget\" data-widget_type=\"google_maps.default\">\n\t\t\t\t<div class=\"elementor-widget-container\">\n\t\t\t\t\t\t\t<div class=\"elementor-custom-embed\">\n\t\t\t<iframe loading=\"lazy\"\n\t\t\t\t\tsrc=\"https:\/\/maps.google.com\/maps?q=14701%20SW%20199th%20Ave%20Miami%20Fl%2C%2033196%20&#038;t=m&#038;z=14&#038;output=embed&#038;iwloc=near\"\n\t\t\t\t\ttitle=\"14701 SW 199th Ave Miami Fl, 33196 \"\n\t\t\t\t\taria-label=\"14701 SW 199th Ave Miami Fl, 33196 \"\n\t\t\t><\/iframe>\n\t\t<\/div>\n\t\t\t\t\t\t<\/div>\n\t\t\t\t<\/div>\n\t\t\t\t\t<\/div>\n\t\t<\/div>\n\t\t\t\t\t<\/div>\n\t\t<\/section>\n\t\t\t\t<\/div>\n\t\t","protected":false},"excerpt":{"rendered":"<p>Vive una experiencia llanera en Miami En nuestro restaurante, siempre hemos perseguido el objetivo de hacer sentir a nuestros clientes m\u00e1s cerca de su hogar, as\u00ed que gracias al olor y el sabor de nuestra carne, m\u00e1s todo el ambiente llanero que ofrecemos, se vive una experiencia cultural colombo-venezolana. Te contamos nuestra historia Te contamos&#8230;<\/p>\n","protected":false},"author":1,"featured_media":0,"parent":0,"menu_order":0,"comment_status":"closed","ping_status":"closed","template":"elementor_header_footer","meta":{"om_disable_all_campaigns":false,"_monsterinsights_skip_tracking":false,"_monsterinsights_sitenote_active":false,"_monsterinsights_sitenote_note":"","_monsterinsights_sitenote_category":0,"_kadence_starter_templates_imported_post":true,"_kad_post_transparent":"","_kad_post_title":"default","_kad_post_layout":"fullwidth","_kad_post_sidebar_id":"","_kad_post_content_style":"unboxed","_kad_post_vertical_padding":"hide","_kad_post_feature":"hide","_kad_post_feature_position":"","_kad_post_header":false,"_kad_post_footer":false,"_kad_post_classname":"","footnotes":""},"class_list":["post-1519","page","type-page","status-publish","hentry"],"aioseo_notices":[],"_links":{"self":[{"href":"https:\/\/invisaligntamarac.com\/index.php\/wp-json\/wp\/v2\/pages\/1519","targetHints":{"allow":["GET"]}}],"collection":[{"href":"https:\/\/invisaligntamarac.com\/index.php\/wp-json\/wp\/v2\/pages"}],"about":[{"href":"https:\/\/invisaligntamarac.com\/index.php\/wp-json\/wp\/v2\/types\/page"}],"author":[{"embeddable":true,"href":"https:\/\/invisaligntamarac.com\/index.php\/wp-json\/wp\/v2\/users\/1"}],"replies":[{"embeddable":true,"href":"https:\/\/invisaligntamarac.com\/index.php\/wp-json\/wp\/v2\/comments?post=1519"}],"version-history":[{"count":172,"href":"https:\/\/invisaligntamarac.com\/index.php\/wp-json\/wp\/v2\/pages\/1519\/revisions"}],"predecessor-version":[{"id":3077,"href":"https:\/\/invisaligntamarac.com\/index.php\/wp-json\/wp\/v2\/pages\/1519\/revisions\/3077"}],"wp:attachment":[{"href":"https:\/\/invisaligntamarac.com\/index.php\/wp-json\/wp\/v2\/media?parent=1519"}],"curies":[{"name":"wp","href":"https:\/\/api.w.org\/{rel}","templated":true}]}}